{"id":1696,"date":"2013-06-07T11:00:28","date_gmt":"2013-06-07T11:00:28","guid":{"rendered":"http:\/\/demo2.woothemes.com\/woocommerce\/?post_type=product&amp;p=40"},"modified":"2013-06-07T11:00:28","modified_gmt":"2013-06-07T11:00:28","slug":"cup-princely-break","status":"publish","type":"product","link":"https:\/\/www.formagroup.fr\/en\/product\/cup-princely-break\/","title":{"rendered":"It Won&rsquo;t Be Easy"},"content":{"rendered":"<p>Curabitur accumsan quis urna aliquam fringilla. Nullam velit nisl, pulvinar sit amet pulvinar eu, rhoncus ac nisl. Lorem ipsum dolor sit amet, consectetur adipiscing elit. Mauris nec consectetur nisi. Donec eget quam sed velit facilisis malesuada quis sit amet ante.<\/p>","protected":false},"excerpt":{"rendered":"<p>Curabitur accumsan quis urna aliquam fringilla. Nullam velit nisl, pulvinar sit amet pulvinar eu, rhoncus ac nisl. Lorem ipsum dolor sit amet, consectetur adipiscing elit. Mauris nec consectetur nisi. Donec eget quam sed velit facilisis malesuada quis sit amet ante.<\/p>","protected":false},"featured_media":27116,"comment_status":"open","ping_status":"closed","template":"","meta":[],"product_brand":[],"product_cat":[36],"product_tag":[],"class_list":{"0":"post-1696","1":"product","2":"type-product","3":"status-publish","4":"has-post-thumbnail","6":"product_cat-cookware","8":"first","9":"instock","10":"sale","11":"shipping-taxable","12":"purchasable","13":"product-type-simple"},"yoast_head":"<!-- This site is optimized with the Yoast SEO plugin v27.3 - https:\/\/yoast.com\/product\/yoast-seo-wordpress\/ -->\n<title>It Won&#039;t Be Easy - Forma&#039;Group<\/title>\n<meta name=\"robots\" content=\"index, follow, max-snippet:-1, max-image-preview:large, max-video-preview:-1\" \/>\n<link rel=\"canonical\" href=\"https:\/\/www.formagroup.fr\/en\/product\/cup-princely-break\/\" \/>\n<meta property=\"og:locale\" content=\"en_GB\" \/>\n<meta property=\"og:type\" content=\"article\" \/>\n<meta property=\"og:title\" content=\"It Won&#039;t Be Easy - Forma&#039;Group\" \/>\n<meta property=\"og:description\" content=\"Curabitur accumsan quis urna aliquam fringilla. Nullam velit nisl, pulvinar sit amet pulvinar eu, rhoncus ac nisl. Lorem ipsum dolor sit amet, consectetur adipiscing elit. Mauris nec consectetur nisi. Donec eget quam sed velit facilisis malesuada quis sit amet ante.\" \/>\n<meta property=\"og:url\" content=\"https:\/\/www.formagroup.fr\/en\/product\/cup-princely-break\/\" \/>\n<meta property=\"og:site_name\" content=\"Forma&#039;Group\" \/>\n<meta property=\"og:image\" content=\"https:\/\/www.formagroup.fr\/wp-content\/uploads\/2013\/06\/product-new-01.jpg\" \/>\n\t<meta property=\"og:image:width\" content=\"510\" \/>\n\t<meta property=\"og:image:height\" content=\"510\" \/>\n\t<meta property=\"og:image:type\" content=\"image\/jpeg\" \/>\n<meta name=\"twitter:card\" content=\"summary_large_image\" \/>\n<script type=\"application\/ld+json\" class=\"yoast-schema-graph\">{\"@context\":\"https:\\\/\\\/schema.org\",\"@graph\":[{\"@type\":\"WebPage\",\"@id\":\"https:\\\/\\\/www.formagroup.fr\\\/produit\\\/cup-princely-break\\\/\",\"url\":\"https:\\\/\\\/www.formagroup.fr\\\/produit\\\/cup-princely-break\\\/\",\"name\":\"It Won't Be Easy - Forma&#039;Group\",\"isPartOf\":{\"@id\":\"https:\\\/\\\/www.formagroup.fr\\\/#website\"},\"primaryImageOfPage\":{\"@id\":\"https:\\\/\\\/www.formagroup.fr\\\/produit\\\/cup-princely-break\\\/#primaryimage\"},\"image\":{\"@id\":\"https:\\\/\\\/www.formagroup.fr\\\/produit\\\/cup-princely-break\\\/#primaryimage\"},\"thumbnailUrl\":\"https:\\\/\\\/www.formagroup.fr\\\/wp-content\\\/uploads\\\/2013\\\/06\\\/product-new-01.jpg\",\"datePublished\":\"2013-06-07T11:00:28+00:00\",\"breadcrumb\":{\"@id\":\"https:\\\/\\\/www.formagroup.fr\\\/produit\\\/cup-princely-break\\\/#breadcrumb\"},\"inLanguage\":\"en-GB\",\"potentialAction\":[{\"@type\":\"ReadAction\",\"target\":[\"https:\\\/\\\/www.formagroup.fr\\\/produit\\\/cup-princely-break\\\/\"]}]},{\"@type\":\"ImageObject\",\"inLanguage\":\"en-GB\",\"@id\":\"https:\\\/\\\/www.formagroup.fr\\\/produit\\\/cup-princely-break\\\/#primaryimage\",\"url\":\"https:\\\/\\\/www.formagroup.fr\\\/wp-content\\\/uploads\\\/2013\\\/06\\\/product-new-01.jpg\",\"contentUrl\":\"https:\\\/\\\/www.formagroup.fr\\\/wp-content\\\/uploads\\\/2013\\\/06\\\/product-new-01.jpg\",\"width\":510,\"height\":510},{\"@type\":\"BreadcrumbList\",\"@id\":\"https:\\\/\\\/www.formagroup.fr\\\/produit\\\/cup-princely-break\\\/#breadcrumb\",\"itemListElement\":[{\"@type\":\"ListItem\",\"position\":1,\"name\":\"Accueil\",\"item\":\"https:\\\/\\\/www.formagroup.fr\\\/\"},{\"@type\":\"ListItem\",\"position\":2,\"name\":\"Boutique\",\"item\":\"https:\\\/\\\/www.formagroup.fr\\\/boutique\\\/\"},{\"@type\":\"ListItem\",\"position\":3,\"name\":\"It Won&rsquo;t Be Easy\"}]},{\"@type\":\"WebSite\",\"@id\":\"https:\\\/\\\/www.formagroup.fr\\\/#website\",\"url\":\"https:\\\/\\\/www.formagroup.fr\\\/\",\"name\":\"La r\u00e9f\u00e9rence des formations pour le b\u00e2timent et la restauration \u00e0 Coigni\u00e8res (78)\",\"description\":\"le sp\u00e9cialiste des formations en b\u00e2timent et restauration\",\"publisher\":{\"@id\":\"https:\\\/\\\/www.formagroup.fr\\\/#organization\"},\"potentialAction\":[{\"@type\":\"SearchAction\",\"target\":{\"@type\":\"EntryPoint\",\"urlTemplate\":\"https:\\\/\\\/www.formagroup.fr\\\/?s={search_term_string}\"},\"query-input\":{\"@type\":\"PropertyValueSpecification\",\"valueRequired\":true,\"valueName\":\"search_term_string\"}}],\"inLanguage\":\"en-GB\"},{\"@type\":\"Organization\",\"@id\":\"https:\\\/\\\/www.formagroup.fr\\\/#organization\",\"name\":\"Forma'Group\",\"url\":\"https:\\\/\\\/www.formagroup.fr\\\/\",\"logo\":{\"@type\":\"ImageObject\",\"inLanguage\":\"en-GB\",\"@id\":\"https:\\\/\\\/www.formagroup.fr\\\/#\\\/schema\\\/logo\\\/image\\\/\",\"url\":\"https:\\\/\\\/www.formagroup.fr\\\/wp-content\\\/uploads\\\/2020\\\/03\\\/Logo-FORMAGROUP-transparent.png\",\"contentUrl\":\"https:\\\/\\\/www.formagroup.fr\\\/wp-content\\\/uploads\\\/2020\\\/03\\\/Logo-FORMAGROUP-transparent.png\",\"width\":1300,\"height\":400,\"caption\":\"Forma'Group\"},\"image\":{\"@id\":\"https:\\\/\\\/www.formagroup.fr\\\/#\\\/schema\\\/logo\\\/image\\\/\"},\"sameAs\":[\"https:\\\/\\\/www.instagram.com\\\/formagroup78\\\/\"]}]}<\/script>\n<!-- \/ Yoast SEO plugin. -->","yoast_head_json":{"title":"It Won't Be Easy - Forma&#039;Group","robots":{"index":"index","follow":"follow","max-snippet":"max-snippet:-1","max-image-preview":"max-image-preview:large","max-video-preview":"max-video-preview:-1"},"canonical":"https:\/\/www.formagroup.fr\/en\/product\/cup-princely-break\/","og_locale":"en_GB","og_type":"article","og_title":"It Won't Be Easy - Forma&#039;Group","og_description":"Curabitur accumsan quis urna aliquam fringilla. Nullam velit nisl, pulvinar sit amet pulvinar eu, rhoncus ac nisl. Lorem ipsum dolor sit amet, consectetur adipiscing elit. Mauris nec consectetur nisi. Donec eget quam sed velit facilisis malesuada quis sit amet ante.","og_url":"https:\/\/www.formagroup.fr\/en\/product\/cup-princely-break\/","og_site_name":"Forma&#039;Group","og_image":[{"width":510,"height":510,"url":"https:\/\/www.formagroup.fr\/wp-content\/uploads\/2013\/06\/product-new-01.jpg","type":"image\/jpeg"}],"twitter_card":"summary_large_image","schema":{"@context":"https:\/\/schema.org","@graph":[{"@type":"WebPage","@id":"https:\/\/www.formagroup.fr\/produit\/cup-princely-break\/","url":"https:\/\/www.formagroup.fr\/produit\/cup-princely-break\/","name":"It Won't Be Easy - Forma&#039;Group","isPartOf":{"@id":"https:\/\/www.formagroup.fr\/#website"},"primaryImageOfPage":{"@id":"https:\/\/www.formagroup.fr\/produit\/cup-princely-break\/#primaryimage"},"image":{"@id":"https:\/\/www.formagroup.fr\/produit\/cup-princely-break\/#primaryimage"},"thumbnailUrl":"https:\/\/www.formagroup.fr\/wp-content\/uploads\/2013\/06\/product-new-01.jpg","datePublished":"2013-06-07T11:00:28+00:00","breadcrumb":{"@id":"https:\/\/www.formagroup.fr\/produit\/cup-princely-break\/#breadcrumb"},"inLanguage":"en-GB","potentialAction":[{"@type":"ReadAction","target":["https:\/\/www.formagroup.fr\/produit\/cup-princely-break\/"]}]},{"@type":"ImageObject","inLanguage":"en-GB","@id":"https:\/\/www.formagroup.fr\/produit\/cup-princely-break\/#primaryimage","url":"https:\/\/www.formagroup.fr\/wp-content\/uploads\/2013\/06\/product-new-01.jpg","contentUrl":"https:\/\/www.formagroup.fr\/wp-content\/uploads\/2013\/06\/product-new-01.jpg","width":510,"height":510},{"@type":"BreadcrumbList","@id":"https:\/\/www.formagroup.fr\/produit\/cup-princely-break\/#breadcrumb","itemListElement":[{"@type":"ListItem","position":1,"name":"Accueil","item":"https:\/\/www.formagroup.fr\/"},{"@type":"ListItem","position":2,"name":"Boutique","item":"https:\/\/www.formagroup.fr\/boutique\/"},{"@type":"ListItem","position":3,"name":"It Won&rsquo;t Be Easy"}]},{"@type":"WebSite","@id":"https:\/\/www.formagroup.fr\/#website","url":"https:\/\/www.formagroup.fr\/","name":"La r\u00e9f\u00e9rence des formations pour le b\u00e2timent et la restauration \u00e0 Coigni\u00e8res (78)","description":"le sp\u00e9cialiste des formations en b\u00e2timent et restauration","publisher":{"@id":"https:\/\/www.formagroup.fr\/#organization"},"potentialAction":[{"@type":"SearchAction","target":{"@type":"EntryPoint","urlTemplate":"https:\/\/www.formagroup.fr\/?s={search_term_string}"},"query-input":{"@type":"PropertyValueSpecification","valueRequired":true,"valueName":"search_term_string"}}],"inLanguage":"en-GB"},{"@type":"Organization","@id":"https:\/\/www.formagroup.fr\/#organization","name":"Forma'Group","url":"https:\/\/www.formagroup.fr\/","logo":{"@type":"ImageObject","inLanguage":"en-GB","@id":"https:\/\/www.formagroup.fr\/#\/schema\/logo\/image\/","url":"https:\/\/www.formagroup.fr\/wp-content\/uploads\/2020\/03\/Logo-FORMAGROUP-transparent.png","contentUrl":"https:\/\/www.formagroup.fr\/wp-content\/uploads\/2020\/03\/Logo-FORMAGROUP-transparent.png","width":1300,"height":400,"caption":"Forma'Group"},"image":{"@id":"https:\/\/www.formagroup.fr\/#\/schema\/logo\/image\/"},"sameAs":["https:\/\/www.instagram.com\/formagroup78\/"]}]}},"_links":{"self":[{"href":"https:\/\/www.formagroup.fr\/en\/wp-json\/wp\/v2\/product\/1696","targetHints":{"allow":["GET"]}}],"collection":[{"href":"https:\/\/www.formagroup.fr\/en\/wp-json\/wp\/v2\/product"}],"about":[{"href":"https:\/\/www.formagroup.fr\/en\/wp-json\/wp\/v2\/types\/product"}],"replies":[{"embeddable":true,"href":"https:\/\/www.formagroup.fr\/en\/wp-json\/wp\/v2\/comments?post=1696"}],"wp:featuredmedia":[{"embeddable":true,"href":"https:\/\/www.formagroup.fr\/en\/wp-json\/wp\/v2\/media\/27116"}],"wp:attachment":[{"href":"https:\/\/www.formagroup.fr\/en\/wp-json\/wp\/v2\/media?parent=1696"}],"wp:term":[{"taxonomy":"product_brand","embeddable":true,"href":"https:\/\/www.formagroup.fr\/en\/wp-json\/wp\/v2\/product_brand?post=1696"},{"taxonomy":"product_cat","embeddable":true,"href":"https:\/\/www.formagroup.fr\/en\/wp-json\/wp\/v2\/product_cat?post=1696"},{"taxonomy":"product_tag","embeddable":true,"href":"https:\/\/www.formagroup.fr\/en\/wp-json\/wp\/v2\/product_tag?post=1696"}],"curies":[{"name":"wp","href":"https:\/\/api.w.org\/{rel}","templated":true}]}}