{"id":141,"date":"2013-06-07T11:28:45","date_gmt":"2013-06-07T11:28:45","guid":{"rendered":"http:\/\/demo2.woothemes.com\/woocommerce\/?post_type=product&amp;p=76"},"modified":"2013-06-07T11:28:45","modified_gmt":"2013-06-07T11:28:45","slug":"karton","status":"publish","type":"product","link":"https:\/\/www.formagroup.fr\/en\/product\/karton\/","title":{"rendered":"How to Start Your E-Commerce"},"content":{"rendered":"<p>Nunc feugiat nisi metus, ac consectetur magna efficitur tristique. Duis at orci quis lectus convallis blandit in vehicula orci. Morbi condimentum blandit ex. Suspendisse vehicula feugiat augue, euismod placerat arcu ultricies eget. Integer interdum, metus eu faucibus rutrum, quam erat ultrices est, eu iaculis metus quam id enim.<\/p>","protected":false},"excerpt":{"rendered":"<p>Nunc feugiat nisi metus, ac consectetur magna efficitur tristique. Duis at orci quis lectus convallis blandit in vehicula orci. Morbi condimentum blandit ex. Suspendisse vehicula feugiat augue, euismod placerat arcu ultricies eget. Integer interdum, metus eu faucibus rutrum, quam erat ultrices est, eu iaculis metus quam id enim.<\/p>","protected":false},"featured_media":27112,"comment_status":"open","ping_status":"closed","template":"","meta":[],"product_brand":[],"product_cat":[38],"product_tag":[],"class_list":{"0":"post-141","1":"product","2":"type-product","3":"status-publish","4":"has-post-thumbnail","6":"product_cat-culinary","8":"first","9":"instock","10":"shipping-taxable","11":"purchasable","12":"product-type-simple"},"yoast_head":"<!-- This site is optimized with the Yoast SEO plugin v27.3 - https:\/\/yoast.com\/product\/yoast-seo-wordpress\/ -->\n<title>How to Start Your E-Commerce - Forma&#039;Group<\/title>\n<meta name=\"robots\" content=\"index, follow, max-snippet:-1, max-image-preview:large, max-video-preview:-1\" \/>\n<link rel=\"canonical\" href=\"https:\/\/www.formagroup.fr\/en\/product\/karton\/\" \/>\n<meta property=\"og:locale\" content=\"en_GB\" \/>\n<meta property=\"og:type\" content=\"article\" \/>\n<meta property=\"og:title\" content=\"How to Start Your E-Commerce - Forma&#039;Group\" \/>\n<meta property=\"og:description\" content=\"Nunc feugiat nisi metus, ac consectetur magna efficitur tristique. Duis at orci quis lectus convallis blandit in vehicula orci. Morbi condimentum blandit ex. Suspendisse vehicula feugiat augue, euismod placerat arcu ultricies eget. Integer interdum, metus eu faucibus rutrum, quam erat ultrices est, eu iaculis metus quam id enim.\" \/>\n<meta property=\"og:url\" content=\"https:\/\/www.formagroup.fr\/en\/product\/karton\/\" \/>\n<meta property=\"og:site_name\" content=\"Forma&#039;Group\" \/>\n<meta property=\"og:image\" content=\"https:\/\/www.formagroup.fr\/wp-content\/uploads\/2013\/06\/product-new-05.jpg\" \/>\n\t<meta property=\"og:image:width\" content=\"510\" \/>\n\t<meta property=\"og:image:height\" content=\"510\" \/>\n\t<meta property=\"og:image:type\" content=\"image\/jpeg\" \/>\n<meta name=\"twitter:card\" content=\"summary_large_image\" \/>\n<script type=\"application\/ld+json\" class=\"yoast-schema-graph\">{\"@context\":\"https:\\\/\\\/schema.org\",\"@graph\":[{\"@type\":\"WebPage\",\"@id\":\"https:\\\/\\\/www.formagroup.fr\\\/produit\\\/karton\\\/\",\"url\":\"https:\\\/\\\/www.formagroup.fr\\\/produit\\\/karton\\\/\",\"name\":\"How to Start Your E-Commerce - Forma&#039;Group\",\"isPartOf\":{\"@id\":\"https:\\\/\\\/www.formagroup.fr\\\/#website\"},\"primaryImageOfPage\":{\"@id\":\"https:\\\/\\\/www.formagroup.fr\\\/produit\\\/karton\\\/#primaryimage\"},\"image\":{\"@id\":\"https:\\\/\\\/www.formagroup.fr\\\/produit\\\/karton\\\/#primaryimage\"},\"thumbnailUrl\":\"https:\\\/\\\/www.formagroup.fr\\\/wp-content\\\/uploads\\\/2013\\\/06\\\/product-new-05.jpg\",\"datePublished\":\"2013-06-07T11:28:45+00:00\",\"breadcrumb\":{\"@id\":\"https:\\\/\\\/www.formagroup.fr\\\/produit\\\/karton\\\/#breadcrumb\"},\"inLanguage\":\"en-GB\",\"potentialAction\":[{\"@type\":\"ReadAction\",\"target\":[\"https:\\\/\\\/www.formagroup.fr\\\/produit\\\/karton\\\/\"]}]},{\"@type\":\"ImageObject\",\"inLanguage\":\"en-GB\",\"@id\":\"https:\\\/\\\/www.formagroup.fr\\\/produit\\\/karton\\\/#primaryimage\",\"url\":\"https:\\\/\\\/www.formagroup.fr\\\/wp-content\\\/uploads\\\/2013\\\/06\\\/product-new-05.jpg\",\"contentUrl\":\"https:\\\/\\\/www.formagroup.fr\\\/wp-content\\\/uploads\\\/2013\\\/06\\\/product-new-05.jpg\",\"width\":510,\"height\":510},{\"@type\":\"BreadcrumbList\",\"@id\":\"https:\\\/\\\/www.formagroup.fr\\\/produit\\\/karton\\\/#breadcrumb\",\"itemListElement\":[{\"@type\":\"ListItem\",\"position\":1,\"name\":\"Accueil\",\"item\":\"https:\\\/\\\/www.formagroup.fr\\\/\"},{\"@type\":\"ListItem\",\"position\":2,\"name\":\"Boutique\",\"item\":\"https:\\\/\\\/www.formagroup.fr\\\/boutique\\\/\"},{\"@type\":\"ListItem\",\"position\":3,\"name\":\"How to Start Your E-Commerce\"}]},{\"@type\":\"WebSite\",\"@id\":\"https:\\\/\\\/www.formagroup.fr\\\/#website\",\"url\":\"https:\\\/\\\/www.formagroup.fr\\\/\",\"name\":\"La r\u00e9f\u00e9rence des formations pour le b\u00e2timent et la restauration \u00e0 Coigni\u00e8res (78)\",\"description\":\"le sp\u00e9cialiste des formations en b\u00e2timent et restauration\",\"publisher\":{\"@id\":\"https:\\\/\\\/www.formagroup.fr\\\/#organization\"},\"potentialAction\":[{\"@type\":\"SearchAction\",\"target\":{\"@type\":\"EntryPoint\",\"urlTemplate\":\"https:\\\/\\\/www.formagroup.fr\\\/?s={search_term_string}\"},\"query-input\":{\"@type\":\"PropertyValueSpecification\",\"valueRequired\":true,\"valueName\":\"search_term_string\"}}],\"inLanguage\":\"en-GB\"},{\"@type\":\"Organization\",\"@id\":\"https:\\\/\\\/www.formagroup.fr\\\/#organization\",\"name\":\"Forma'Group\",\"url\":\"https:\\\/\\\/www.formagroup.fr\\\/\",\"logo\":{\"@type\":\"ImageObject\",\"inLanguage\":\"en-GB\",\"@id\":\"https:\\\/\\\/www.formagroup.fr\\\/#\\\/schema\\\/logo\\\/image\\\/\",\"url\":\"https:\\\/\\\/www.formagroup.fr\\\/wp-content\\\/uploads\\\/2020\\\/03\\\/Logo-FORMAGROUP-transparent.png\",\"contentUrl\":\"https:\\\/\\\/www.formagroup.fr\\\/wp-content\\\/uploads\\\/2020\\\/03\\\/Logo-FORMAGROUP-transparent.png\",\"width\":1300,\"height\":400,\"caption\":\"Forma'Group\"},\"image\":{\"@id\":\"https:\\\/\\\/www.formagroup.fr\\\/#\\\/schema\\\/logo\\\/image\\\/\"},\"sameAs\":[\"https:\\\/\\\/www.instagram.com\\\/formagroup78\\\/\"]}]}<\/script>\n<!-- \/ Yoast SEO plugin. -->","yoast_head_json":{"title":"How to Start Your E-Commerce - Forma&#039;Group","robots":{"index":"index","follow":"follow","max-snippet":"max-snippet:-1","max-image-preview":"max-image-preview:large","max-video-preview":"max-video-preview:-1"},"canonical":"https:\/\/www.formagroup.fr\/en\/product\/karton\/","og_locale":"en_GB","og_type":"article","og_title":"How to Start Your E-Commerce - Forma&#039;Group","og_description":"Nunc feugiat nisi metus, ac consectetur magna efficitur tristique. Duis at orci quis lectus convallis blandit in vehicula orci. Morbi condimentum blandit ex. Suspendisse vehicula feugiat augue, euismod placerat arcu ultricies eget. Integer interdum, metus eu faucibus rutrum, quam erat ultrices est, eu iaculis metus quam id enim.","og_url":"https:\/\/www.formagroup.fr\/en\/product\/karton\/","og_site_name":"Forma&#039;Group","og_image":[{"width":510,"height":510,"url":"https:\/\/www.formagroup.fr\/wp-content\/uploads\/2013\/06\/product-new-05.jpg","type":"image\/jpeg"}],"twitter_card":"summary_large_image","schema":{"@context":"https:\/\/schema.org","@graph":[{"@type":"WebPage","@id":"https:\/\/www.formagroup.fr\/produit\/karton\/","url":"https:\/\/www.formagroup.fr\/produit\/karton\/","name":"How to Start Your E-Commerce - Forma&#039;Group","isPartOf":{"@id":"https:\/\/www.formagroup.fr\/#website"},"primaryImageOfPage":{"@id":"https:\/\/www.formagroup.fr\/produit\/karton\/#primaryimage"},"image":{"@id":"https:\/\/www.formagroup.fr\/produit\/karton\/#primaryimage"},"thumbnailUrl":"https:\/\/www.formagroup.fr\/wp-content\/uploads\/2013\/06\/product-new-05.jpg","datePublished":"2013-06-07T11:28:45+00:00","breadcrumb":{"@id":"https:\/\/www.formagroup.fr\/produit\/karton\/#breadcrumb"},"inLanguage":"en-GB","potentialAction":[{"@type":"ReadAction","target":["https:\/\/www.formagroup.fr\/produit\/karton\/"]}]},{"@type":"ImageObject","inLanguage":"en-GB","@id":"https:\/\/www.formagroup.fr\/produit\/karton\/#primaryimage","url":"https:\/\/www.formagroup.fr\/wp-content\/uploads\/2013\/06\/product-new-05.jpg","contentUrl":"https:\/\/www.formagroup.fr\/wp-content\/uploads\/2013\/06\/product-new-05.jpg","width":510,"height":510},{"@type":"BreadcrumbList","@id":"https:\/\/www.formagroup.fr\/produit\/karton\/#breadcrumb","itemListElement":[{"@type":"ListItem","position":1,"name":"Accueil","item":"https:\/\/www.formagroup.fr\/"},{"@type":"ListItem","position":2,"name":"Boutique","item":"https:\/\/www.formagroup.fr\/boutique\/"},{"@type":"ListItem","position":3,"name":"How to Start Your E-Commerce"}]},{"@type":"WebSite","@id":"https:\/\/www.formagroup.fr\/#website","url":"https:\/\/www.formagroup.fr\/","name":"La r\u00e9f\u00e9rence des formations pour le b\u00e2timent et la restauration \u00e0 Coigni\u00e8res (78)","description":"le sp\u00e9cialiste des formations en b\u00e2timent et restauration","publisher":{"@id":"https:\/\/www.formagroup.fr\/#organization"},"potentialAction":[{"@type":"SearchAction","target":{"@type":"EntryPoint","urlTemplate":"https:\/\/www.formagroup.fr\/?s={search_term_string}"},"query-input":{"@type":"PropertyValueSpecification","valueRequired":true,"valueName":"search_term_string"}}],"inLanguage":"en-GB"},{"@type":"Organization","@id":"https:\/\/www.formagroup.fr\/#organization","name":"Forma'Group","url":"https:\/\/www.formagroup.fr\/","logo":{"@type":"ImageObject","inLanguage":"en-GB","@id":"https:\/\/www.formagroup.fr\/#\/schema\/logo\/image\/","url":"https:\/\/www.formagroup.fr\/wp-content\/uploads\/2020\/03\/Logo-FORMAGROUP-transparent.png","contentUrl":"https:\/\/www.formagroup.fr\/wp-content\/uploads\/2020\/03\/Logo-FORMAGROUP-transparent.png","width":1300,"height":400,"caption":"Forma'Group"},"image":{"@id":"https:\/\/www.formagroup.fr\/#\/schema\/logo\/image\/"},"sameAs":["https:\/\/www.instagram.com\/formagroup78\/"]}]}},"_links":{"self":[{"href":"https:\/\/www.formagroup.fr\/en\/wp-json\/wp\/v2\/product\/141","targetHints":{"allow":["GET"]}}],"collection":[{"href":"https:\/\/www.formagroup.fr\/en\/wp-json\/wp\/v2\/product"}],"about":[{"href":"https:\/\/www.formagroup.fr\/en\/wp-json\/wp\/v2\/types\/product"}],"replies":[{"embeddable":true,"href":"https:\/\/www.formagroup.fr\/en\/wp-json\/wp\/v2\/comments?post=141"}],"wp:featuredmedia":[{"embeddable":true,"href":"https:\/\/www.formagroup.fr\/en\/wp-json\/wp\/v2\/media\/27112"}],"wp:attachment":[{"href":"https:\/\/www.formagroup.fr\/en\/wp-json\/wp\/v2\/media?parent=141"}],"wp:term":[{"taxonomy":"product_brand","embeddable":true,"href":"https:\/\/www.formagroup.fr\/en\/wp-json\/wp\/v2\/product_brand?post=141"},{"taxonomy":"product_cat","embeddable":true,"href":"https:\/\/www.formagroup.fr\/en\/wp-json\/wp\/v2\/product_cat?post=141"},{"taxonomy":"product_tag","embeddable":true,"href":"https:\/\/www.formagroup.fr\/en\/wp-json\/wp\/v2\/product_tag?post=141"}],"curies":[{"name":"wp","href":"https:\/\/api.w.org\/{rel}","templated":true}]}}