{"id":4526,"date":"2016-03-07T04:07:18","date_gmt":"2016-03-07T04:07:18","guid":{"rendered":"http:\/\/educationwp.thimpress.com\/demo-el\/?page_id=4526"},"modified":"2016-03-07T04:07:18","modified_gmt":"2016-03-07T04:07:18","slug":"gallery","status":"publish","type":"page","link":"https:\/\/www.formagroup.fr\/en\/gallery\/","title":{"rendered":"Gallery"},"content":{"rendered":"<div data-elementor-type=\"wp-post\" data-elementor-id=\"4526\" class=\"elementor elementor-4526\">\n\t\t\t\t<div class=\"elementor-element elementor-element-af99aa5 e-flex e-con-boxed e-con e-parent\" data-id=\"af99aa5\" data-element_type=\"container\" data-e-type=\"container\">\n\t\t\t\t\t<div class=\"e-con-inner\">\n\t\t\t\t<div class=\"elementor-element elementor-element-ae54b56 thim-ekits-heading-text-center elementor-widget__width-initial thim-ekits-heading--mobiletext-left elementor-widget-mobile__width-inherit elementor-widget thim-ekits-heading elementor-widget-thim-heading\" data-id=\"ae54b56\" data-element_type=\"widget\" data-e-type=\"widget\" data-widget_type=\"thim-heading.default\">\n\t\t\t\t<div class=\"elementor-widget-container\">\n\t\t\t\t\t<div class=\"sc_heading text-center\"><div class=\"sub-heading\"><p>EXPLORING OUR PROJECTS<\/p>\n<\/div><h1 class=\"title\">Explore Our Education Gallery <\/h1><\/div>\t\t\t\t<\/div>\n\t\t\t\t<\/div>\n\t\t\t\t\t<\/div>\n\t\t\t\t<\/div>\n\t\t<div class=\"elementor-element elementor-element-b2e00c8 e-flex e-con-boxed e-con e-parent\" data-id=\"b2e00c8\" data-element_type=\"container\" data-e-type=\"container\">\n\t\t\t\t\t<div class=\"e-con-inner\">\n\t\t\t\t<div class=\"elementor-element elementor-element-c97ea35 thim-widget-gallery-posts elementor-widget thim-widget-gallery-posts\" data-id=\"c97ea35\" data-element_type=\"widget\" data-e-type=\"widget\" data-widget_type=\"thim-gallery-posts.default\">\n\t\t\t\t<div class=\"elementor-widget-container\">\n\t\t\t\t\t\t<div class=\"wrapper-filter-controls\">\n\t\t<ul class=\"filter-controls\">\n\t\t\t<li>\n\t\t\t\t<a class=\"filter active\" data-filter=\"*\" href=\"javascript:;\">All<\/a>\n\t\t\t<\/li>\n\t\t\t<li><a class=\"filter\" href=\"javascript:;\" data-filter=\".filter-16\">Blog<\/a><\/li><li><a class=\"filter\" href=\"javascript:;\" data-filter=\".filter-17\">Business<\/a><\/li><li><a class=\"filter\" href=\"javascript:;\" data-filter=\".filter-19\">Design \/ Branding<\/a><\/li><li><a class=\"filter\" href=\"javascript:;\" data-filter=\".filter-18\">Coaching<\/a><\/li>\t\t<\/ul>\n\t<\/div>\n\n\t<div class=\"wrapper-gallery-filter isotope-layout\" itemscope itemtype=\"http:\/\/schema.org\/ItemList\" data-column=\"3\">\n\t\t<div class=\"item_gallery col-sm-4 item_post filter-16 filter-17 filter-19\"><a class=\"thim-gallery-popup\" href=\"#\" data-id=\"4515\"><div class=\"info_post\"><div class=\"inner-info\"><h5 class=\"inner-title\">Working<\/h5><p>22 July 2022<\/p><i class=\"fas fa-arrow-right\"><\/i><\/div><\/div><img fetchpriority=\"high\" decoding=\"async\" src=\"https:\/\/www.formagroup.fr\/wp-content\/uploads\/2022\/09\/blog-05.jpg\" alt=\"blog-05\"  width=\"1290\" height=\"679\"><\/a><\/div><div class=\"item_gallery col-sm-4 item_post filter-16 filter-18 filter-19\"><a class=\"thim-gallery-popup\" href=\"#\" data-id=\"4518\"><div class=\"info_post\"><div class=\"inner-info\"><h5 class=\"inner-title\">EducationWP<\/h5><p>25 May 2022<\/p><i class=\"fas fa-arrow-right\"><\/i><\/div><\/div><img decoding=\"async\" src=\"https:\/\/www.formagroup.fr\/wp-content\/themes\/eduma\/images\/demo_images\/demo_image.jpg\" alt=\"EducationWP\" ><\/a><\/div><div class=\"item_gallery col-sm-4 item_post filter-16 filter-17 filter-18\"><a class=\"thim-gallery-popup\" href=\"#\" data-id=\"4516\"><div class=\"info_post\"><div class=\"inner-info\"><h5 class=\"inner-title\">Our Books<\/h5><p>23 May 2022<\/p><i class=\"fas fa-arrow-right\"><\/i><\/div><\/div><img decoding=\"async\" src=\"https:\/\/www.formagroup.fr\/wp-content\/uploads\/2023\/09\/blog-01.jpg\" alt=\"blog-01\"  width=\"1290\" height=\"679\"><\/a><\/div><div class=\"item_gallery col-sm-4 item_post filter-17 filter-18 filter-19\"><a class=\"thim-gallery-popup\" href=\"#\" data-id=\"4517\"><div class=\"info_post\"><div class=\"inner-info\"><h5 class=\"inner-title\">Our Classes<\/h5><p>17 May 2022<\/p><i class=\"fas fa-arrow-right\"><\/i><\/div><\/div><img decoding=\"async\" src=\"https:\/\/www.formagroup.fr\/wp-content\/uploads\/2022\/09\/blog-02.jpg\" alt=\"blog-02\"  width=\"1290\" height=\"679\"><\/a><\/div><div class=\"item_gallery col-sm-4 item_post filter-16 filter-17 filter-19\"><a class=\"thim-gallery-popup\" href=\"#\" data-id=\"4512\"><div class=\"info_post\"><div class=\"inner-info\"><h5 class=\"inner-title\">Life is Good<\/h5><p>7 May 2022<\/p><i class=\"fas fa-arrow-right\"><\/i><\/div><\/div><img loading=\"lazy\" decoding=\"async\" src=\"https:\/\/www.formagroup.fr\/wp-content\/uploads\/2022\/09\/blog-03.jpg\" alt=\"blog-03\"  width=\"1290\" height=\"679\"><\/a><\/div><div class=\"item_gallery col-sm-4 item_post filter-16 filter-18 filter-19\"><a class=\"thim-gallery-popup\" href=\"#\" data-id=\"4514\"><div class=\"info_post\"><div class=\"inner-info\"><h5 class=\"inner-title\">Reading<\/h5><p>11 March 2022<\/p><i class=\"fas fa-arrow-right\"><\/i><\/div><\/div><img loading=\"lazy\" decoding=\"async\" src=\"https:\/\/www.formagroup.fr\/wp-content\/uploads\/2022\/09\/blog-04.jpg\" alt=\"blog-04\"  width=\"1290\" height=\"679\"><\/a><\/div><div class=\"item_gallery col-sm-4 item_post filter-17 filter-18 filter-19\"><a class=\"thim-gallery-popup\" href=\"#\" data-id=\"4513\"><div class=\"info_post\"><div class=\"inner-info\"><h5 class=\"inner-title\">Presentation<\/h5><p>7 March 2022<\/p><i class=\"fas fa-arrow-right\"><\/i><\/div><\/div><img fetchpriority=\"high\" decoding=\"async\" src=\"https:\/\/www.formagroup.fr\/wp-content\/uploads\/2022\/09\/blog-05.jpg\" alt=\"blog-05\"  width=\"1290\" height=\"679\"><\/a><\/div><div class=\"item_gallery col-sm-4 item_post filter-16 filter-17 filter-18\"><a class=\"thim-gallery-popup\" href=\"#\" data-id=\"4510\"><div class=\"info_post\"><div class=\"inner-info\"><h5 class=\"inner-title\">Learning<\/h5><p>7 March 2022<\/p><i class=\"fas fa-arrow-right\"><\/i><\/div><\/div><img loading=\"lazy\" decoding=\"async\" src=\"https:\/\/www.formagroup.fr\/wp-content\/uploads\/2022\/09\/blog-07.jpg\" alt=\"blog-07\"  width=\"1290\" height=\"679\"><\/a><\/div>\t<\/div>\n\t<div class=\"thim-gallery-show\"><\/div>\n\n\t\t\t\t\t<\/div>\n\t\t\t\t<\/div>\n\t\t\t\t\t<\/div>\n\t\t\t\t<\/div>\n\t\t\t\t<\/div>","protected":false},"excerpt":{"rendered":"<p>EXPLORING OUR PROJECTS Explore Our Education Gallery All Blog Business Design \/ Branding Coaching Working July 22, 2022 EducationWP May 25, 2022 Our Books May 23, 2022 Our Classes May 17, 2022 Life is Good May 7, 2022 Reading March &hellip; <\/p>","protected":false},"author":1,"featured_media":0,"parent":0,"menu_order":0,"comment_status":"closed","ping_status":"closed","template":"elementor_header_footer","meta":{"footnotes":""},"class_list":["post-4526","page","type-page","status-publish","hentry"],"yoast_head":"<!-- This site is optimized with the Yoast SEO plugin v27.3 - https:\/\/yoast.com\/product\/yoast-seo-wordpress\/ -->\n<title>Gallery - Forma&#039;Group<\/title>\n<meta name=\"robots\" content=\"index, follow, max-snippet:-1, max-image-preview:large, max-video-preview:-1\" \/>\n<link rel=\"canonical\" href=\"https:\/\/www.formagroup.fr\/en\/gallery\/\" \/>\n<meta property=\"og:locale\" content=\"en_GB\" \/>\n<meta property=\"og:type\" content=\"article\" \/>\n<meta property=\"og:title\" content=\"Gallery - Forma&#039;Group\" \/>\n<meta property=\"og:description\" content=\"EXPLORING OUR PROJECTS Explore Our Education Gallery All Blog Business Design \/ Branding Coaching Working July 22, 2022 EducationWP May 25, 2022 Our Books May 23, 2022 Our Classes May 17, 2022 Life is Good May 7, 2022 Reading March &hellip;\" \/>\n<meta property=\"og:url\" content=\"https:\/\/www.formagroup.fr\/en\/gallery\/\" \/>\n<meta property=\"og:site_name\" content=\"Forma&#039;Group\" \/>\n<meta property=\"og:image\" content=\"https:\/\/www.formagroup.fr\/v2\/wp-content\/uploads\/2022\/09\/blog-05.jpg\" \/>\n<meta name=\"twitter:card\" content=\"summary_large_image\" \/>\n<script type=\"application\/ld+json\" class=\"yoast-schema-graph\">{\"@context\":\"https:\\\/\\\/schema.org\",\"@graph\":[{\"@type\":\"WebPage\",\"@id\":\"https:\\\/\\\/www.formagroup.fr\\\/gallery\\\/\",\"url\":\"https:\\\/\\\/www.formagroup.fr\\\/gallery\\\/\",\"name\":\"Gallery - Forma&#039;Group\",\"isPartOf\":{\"@id\":\"https:\\\/\\\/www.formagroup.fr\\\/#website\"},\"primaryImageOfPage\":{\"@id\":\"https:\\\/\\\/www.formagroup.fr\\\/gallery\\\/#primaryimage\"},\"image\":{\"@id\":\"https:\\\/\\\/www.formagroup.fr\\\/gallery\\\/#primaryimage\"},\"thumbnailUrl\":\"https:\\\/\\\/www.formagroup.fr\\\/v2\\\/wp-content\\\/uploads\\\/2022\\\/09\\\/blog-05.jpg\",\"datePublished\":\"2016-03-07T04:07:18+00:00\",\"breadcrumb\":{\"@id\":\"https:\\\/\\\/www.formagroup.fr\\\/gallery\\\/#breadcrumb\"},\"inLanguage\":\"en-GB\",\"potentialAction\":[{\"@type\":\"ReadAction\",\"target\":[\"https:\\\/\\\/www.formagroup.fr\\\/gallery\\\/\"]}]},{\"@type\":\"ImageObject\",\"inLanguage\":\"en-GB\",\"@id\":\"https:\\\/\\\/www.formagroup.fr\\\/gallery\\\/#primaryimage\",\"url\":\"https:\\\/\\\/www.formagroup.fr\\\/v2\\\/wp-content\\\/uploads\\\/2022\\\/09\\\/blog-05.jpg\",\"contentUrl\":\"https:\\\/\\\/www.formagroup.fr\\\/v2\\\/wp-content\\\/uploads\\\/2022\\\/09\\\/blog-05.jpg\"},{\"@type\":\"BreadcrumbList\",\"@id\":\"https:\\\/\\\/www.formagroup.fr\\\/gallery\\\/#breadcrumb\",\"itemListElement\":[{\"@type\":\"ListItem\",\"position\":1,\"name\":\"Accueil\",\"item\":\"https:\\\/\\\/www.formagroup.fr\\\/\"},{\"@type\":\"ListItem\",\"position\":2,\"name\":\"Gallery\"}]},{\"@type\":\"WebSite\",\"@id\":\"https:\\\/\\\/www.formagroup.fr\\\/#website\",\"url\":\"https:\\\/\\\/www.formagroup.fr\\\/\",\"name\":\"La r\u00e9f\u00e9rence des formations pour le b\u00e2timent et la restauration \u00e0 Coigni\u00e8res (78)\",\"description\":\"le sp\u00e9cialiste des formations en b\u00e2timent et restauration\",\"publisher\":{\"@id\":\"https:\\\/\\\/www.formagroup.fr\\\/#organization\"},\"potentialAction\":[{\"@type\":\"SearchAction\",\"target\":{\"@type\":\"EntryPoint\",\"urlTemplate\":\"https:\\\/\\\/www.formagroup.fr\\\/?s={search_term_string}\"},\"query-input\":{\"@type\":\"PropertyValueSpecification\",\"valueRequired\":true,\"valueName\":\"search_term_string\"}}],\"inLanguage\":\"en-GB\"},{\"@type\":\"Organization\",\"@id\":\"https:\\\/\\\/www.formagroup.fr\\\/#organization\",\"name\":\"Forma'Group\",\"url\":\"https:\\\/\\\/www.formagroup.fr\\\/\",\"logo\":{\"@type\":\"ImageObject\",\"inLanguage\":\"en-GB\",\"@id\":\"https:\\\/\\\/www.formagroup.fr\\\/#\\\/schema\\\/logo\\\/image\\\/\",\"url\":\"https:\\\/\\\/www.formagroup.fr\\\/wp-content\\\/uploads\\\/2020\\\/03\\\/Logo-FORMAGROUP-transparent.png\",\"contentUrl\":\"https:\\\/\\\/www.formagroup.fr\\\/wp-content\\\/uploads\\\/2020\\\/03\\\/Logo-FORMAGROUP-transparent.png\",\"width\":1300,\"height\":400,\"caption\":\"Forma'Group\"},\"image\":{\"@id\":\"https:\\\/\\\/www.formagroup.fr\\\/#\\\/schema\\\/logo\\\/image\\\/\"},\"sameAs\":[\"https:\\\/\\\/www.instagram.com\\\/formagroup78\\\/\"]}]}<\/script>\n<!-- \/ Yoast SEO plugin. -->","yoast_head_json":{"title":"Gallery - Forma&#039;Group","robots":{"index":"index","follow":"follow","max-snippet":"max-snippet:-1","max-image-preview":"max-image-preview:large","max-video-preview":"max-video-preview:-1"},"canonical":"https:\/\/www.formagroup.fr\/en\/gallery\/","og_locale":"en_GB","og_type":"article","og_title":"Gallery - Forma&#039;Group","og_description":"EXPLORING OUR PROJECTS Explore Our Education Gallery All Blog Business Design \/ Branding Coaching Working July 22, 2022 EducationWP May 25, 2022 Our Books May 23, 2022 Our Classes May 17, 2022 Life is Good May 7, 2022 Reading March &hellip;","og_url":"https:\/\/www.formagroup.fr\/en\/gallery\/","og_site_name":"Forma&#039;Group","og_image":[{"url":"https:\/\/www.formagroup.fr\/v2\/wp-content\/uploads\/2022\/09\/blog-05.jpg","type":"","width":"","height":""}],"twitter_card":"summary_large_image","schema":{"@context":"https:\/\/schema.org","@graph":[{"@type":"WebPage","@id":"https:\/\/www.formagroup.fr\/gallery\/","url":"https:\/\/www.formagroup.fr\/gallery\/","name":"Gallery - Forma&#039;Group","isPartOf":{"@id":"https:\/\/www.formagroup.fr\/#website"},"primaryImageOfPage":{"@id":"https:\/\/www.formagroup.fr\/gallery\/#primaryimage"},"image":{"@id":"https:\/\/www.formagroup.fr\/gallery\/#primaryimage"},"thumbnailUrl":"https:\/\/www.formagroup.fr\/v2\/wp-content\/uploads\/2022\/09\/blog-05.jpg","datePublished":"2016-03-07T04:07:18+00:00","breadcrumb":{"@id":"https:\/\/www.formagroup.fr\/gallery\/#breadcrumb"},"inLanguage":"en-GB","potentialAction":[{"@type":"ReadAction","target":["https:\/\/www.formagroup.fr\/gallery\/"]}]},{"@type":"ImageObject","inLanguage":"en-GB","@id":"https:\/\/www.formagroup.fr\/gallery\/#primaryimage","url":"https:\/\/www.formagroup.fr\/v2\/wp-content\/uploads\/2022\/09\/blog-05.jpg","contentUrl":"https:\/\/www.formagroup.fr\/v2\/wp-content\/uploads\/2022\/09\/blog-05.jpg"},{"@type":"BreadcrumbList","@id":"https:\/\/www.formagroup.fr\/gallery\/#breadcrumb","itemListElement":[{"@type":"ListItem","position":1,"name":"Accueil","item":"https:\/\/www.formagroup.fr\/"},{"@type":"ListItem","position":2,"name":"Gallery"}]},{"@type":"WebSite","@id":"https:\/\/www.formagroup.fr\/#website","url":"https:\/\/www.formagroup.fr\/","name":"La r\u00e9f\u00e9rence des formations pour le b\u00e2timent et la restauration \u00e0 Coigni\u00e8res (78)","description":"le sp\u00e9cialiste des formations en b\u00e2timent et restauration","publisher":{"@id":"https:\/\/www.formagroup.fr\/#organization"},"potentialAction":[{"@type":"SearchAction","target":{"@type":"EntryPoint","urlTemplate":"https:\/\/www.formagroup.fr\/?s={search_term_string}"},"query-input":{"@type":"PropertyValueSpecification","valueRequired":true,"valueName":"search_term_string"}}],"inLanguage":"en-GB"},{"@type":"Organization","@id":"https:\/\/www.formagroup.fr\/#organization","name":"Forma'Group","url":"https:\/\/www.formagroup.fr\/","logo":{"@type":"ImageObject","inLanguage":"en-GB","@id":"https:\/\/www.formagroup.fr\/#\/schema\/logo\/image\/","url":"https:\/\/www.formagroup.fr\/wp-content\/uploads\/2020\/03\/Logo-FORMAGROUP-transparent.png","contentUrl":"https:\/\/www.formagroup.fr\/wp-content\/uploads\/2020\/03\/Logo-FORMAGROUP-transparent.png","width":1300,"height":400,"caption":"Forma'Group"},"image":{"@id":"https:\/\/www.formagroup.fr\/#\/schema\/logo\/image\/"},"sameAs":["https:\/\/www.instagram.com\/formagroup78\/"]}]}},"_links":{"self":[{"href":"https:\/\/www.formagroup.fr\/en\/wp-json\/wp\/v2\/pages\/4526","targetHints":{"allow":["GET"]}}],"collection":[{"href":"https:\/\/www.formagroup.fr\/en\/wp-json\/wp\/v2\/pages"}],"about":[{"href":"https:\/\/www.formagroup.fr\/en\/wp-json\/wp\/v2\/types\/page"}],"author":[{"embeddable":true,"href":"https:\/\/www.formagroup.fr\/en\/wp-json\/wp\/v2\/users\/1"}],"replies":[{"embeddable":true,"href":"https:\/\/www.formagroup.fr\/en\/wp-json\/wp\/v2\/comments?post=4526"}],"version-history":[{"count":0,"href":"https:\/\/www.formagroup.fr\/en\/wp-json\/wp\/v2\/pages\/4526\/revisions"}],"wp:attachment":[{"href":"https:\/\/www.formagroup.fr\/en\/wp-json\/wp\/v2\/media?parent=4526"}],"curies":[{"name":"wp","href":"https:\/\/api.w.org\/{rel}","templated":true}]}}