{"id":2958,"date":"2015-11-20T10:22:44","date_gmt":"2015-11-20T10:22:44","guid":{"rendered":"http:\/\/demo.thimpress.com\/eduma\/?page_id=2958"},"modified":"2015-11-20T10:22:44","modified_gmt":"2015-11-20T10:22:44","slug":"account","status":"publish","type":"page","link":"https:\/\/www.formagroup.fr\/en\/account\/","title":{"rendered":"Account"},"content":{"rendered":"<div data-elementor-type=\"wp-post\" data-elementor-id=\"2958\" class=\"elementor elementor-2958\">\n\t\t\t\t\t\t<section class=\"elementor-section elementor-top-section elementor-element elementor-element-714adce elementor-section-boxed elementor-section-height-default elementor-section-height-default\" data-id=\"714adce\" data-element_type=\"section\" data-e-type=\"section\">\n\t\t\t\t\t\t<div class=\"elementor-container elementor-column-gap-no\">\n\t\t\t\t\t<div class=\"elementor-column elementor-col-100 elementor-top-column elementor-element elementor-element-909d07b\" data-id=\"909d07b\" data-element_type=\"column\" data-e-type=\"column\">\n\t\t\t<div class=\"elementor-widget-wrap elementor-element-populated\">\n\t\t\t\t\t\t<div class=\"elementor-element elementor-element-02d7e9c elementor-widget__width-initial elementor-widget elementor-widget-thim-login-form\" data-id=\"02d7e9c\" data-element_type=\"widget\" data-e-type=\"widget\" data-widget_type=\"thim-login-form.default\">\n\t\t\t\t<div class=\"elementor-widget-container\">\n\t\t\t\t\t\n<div id=\"thim-form-login\">\n\t<div class=\"thim-login-container\">\n\t\t<div class=\"thim-login form-submission-login\">\n\t\t\t<h2 class=\"title\">Login with your site account<\/h2>\n\t\t\t<form name=\"loginform\" action=\"https:\/\/www.formagroup.fr\/wp-login.php\"\n\t\t\t\tmethod=\"post\" novalidate>\n\t\t\t\t<p class=\"login-username\">\n\t\t\t\t\t<input type=\"text\" name=\"log\" placeholder=\"Username or email\"\n\t\t\t\t\t\tclass=\"input required\" size=\"20\" aria-label=\"Username or email\"\/>\n\t\t\t\t<\/p>\n\t\t\t\t<p class=\"login-password\">\n\t\t\t\t\t<input type=\"password\" name=\"pwd\" placeholder=\"Password\"\n\t\t\t\t\t\tclass=\"input required\" value=\"\" size=\"20\" aria-label=\"Password\"\/>\n\t\t\t\t<\/p>\n\t\t\t\t\t\t\t\t\t\t\t\t<a class=\"lost-pass-link\" href=\"https:\/\/www.formagroup.fr\/en\/account\/?action=lostpassword\" title=\"Lost Password\">Lost your password?<\/a>\t\t\t\t<p class=\"forgetmenot login-remember\">\n\t\t\t\t\t<label for=\"rememberMe\">\n\t\t\t\t\t\t<input name=\"rememberme\" type=\"checkbox\" id=\"rememberMe\"\n\t\t\t\t\t\t\tvalue=\"forever\"\/> Remember Me\t\t\t\t\t<\/label>\n\t\t\t\t<\/p>\n\t\t\t\t<p class=\"submit login-submit\">\n\t\t\t\t\t<input type=\"submit\" name=\"wp-submit\" class=\"button button-primary button-large\"\n\t\t\t\t\t\tvalue=\"Login\"\/>\n\t\t\t\t\t<input type=\"hidden\" name=\"redirect_to\"\n\t\t\t\t\t\tvalue=\"https:\/\/www.formagroup.fr\/en\/wp-json\/wp\/v2\/pages\/2958\"\/>\n\t\t\t\t\t<input type=\"hidden\" name=\"testcookie\" value=\"1\"\/>\n\t\t\t\t\t<input type=\"hidden\" name=\"eduma_login_user\">\n\t\t\t\t<\/p>\n\t\t\t<\/form>\n\t\t\t\t\t<\/div>\n\t<\/div>\n<\/div>\n\n\t\t\t\t<\/div>\n\t\t\t\t<\/div>\n\t\t\t\t\t<\/div>\n\t\t<\/div>\n\t\t\t\t\t<\/div>\n\t\t<\/section>\n\t\t\t\t<\/div>","protected":false},"excerpt":{"rendered":"<p>[miniorange_social_login shape=\u00a0\u00bblongbuttonwithtext\u00a0\u00bb theme=\u00a0\u00bbdefault\u00a0\u00bb space=\u00a0\u00bb4&Prime; width=\u00a0\u00bb240&Prime; height=\u00a0\u00bb40&Prime;] You have logged in. Sign Out<\/p>\n","protected":false},"author":1,"featured_media":0,"parent":0,"menu_order":0,"comment_status":"closed","ping_status":"closed","template":"","meta":{"footnotes":""},"class_list":["post-2958","page","type-page","status-publish","hentry"],"yoast_head":"<!-- This site is optimized with the Yoast SEO plugin v27.3 - https:\/\/yoast.com\/product\/yoast-seo-wordpress\/ -->\n<title>Account - Forma&#039;Group<\/title>\n<meta name=\"robots\" content=\"index, follow, max-snippet:-1, max-image-preview:large, max-video-preview:-1\" \/>\n<link rel=\"canonical\" href=\"https:\/\/www.formagroup.fr\/en\/account\/\" \/>\n<meta property=\"og:locale\" content=\"en_GB\" \/>\n<meta property=\"og:type\" content=\"article\" \/>\n<meta property=\"og:title\" content=\"Account - Forma&#039;Group\" \/>\n<meta property=\"og:description\" content=\"[miniorange_social_login shape=\u00a0\u00bblongbuttonwithtext\u00a0\u00bb theme=\u00a0\u00bbdefault\u00a0\u00bb space=\u00a0\u00bb4&Prime; width=\u00a0\u00bb240&Prime; height=\u00a0\u00bb40&Prime;] You have logged in. Sign Out\" \/>\n<meta property=\"og:url\" content=\"https:\/\/www.formagroup.fr\/en\/account\/\" \/>\n<meta property=\"og:site_name\" content=\"Forma&#039;Group\" \/>\n<meta name=\"twitter:card\" content=\"summary_large_image\" \/>\n<script type=\"application\/ld+json\" class=\"yoast-schema-graph\">{\"@context\":\"https:\\\/\\\/schema.org\",\"@graph\":[{\"@type\":\"WebPage\",\"@id\":\"https:\\\/\\\/www.formagroup.fr\\\/account\\\/\",\"url\":\"https:\\\/\\\/www.formagroup.fr\\\/account\\\/\",\"name\":\"Account - Forma&#039;Group\",\"isPartOf\":{\"@id\":\"https:\\\/\\\/www.formagroup.fr\\\/#website\"},\"datePublished\":\"2015-11-20T10:22:44+00:00\",\"breadcrumb\":{\"@id\":\"https:\\\/\\\/www.formagroup.fr\\\/account\\\/#breadcrumb\"},\"inLanguage\":\"en-GB\",\"potentialAction\":[{\"@type\":\"ReadAction\",\"target\":[\"https:\\\/\\\/www.formagroup.fr\\\/account\\\/\"]}]},{\"@type\":\"BreadcrumbList\",\"@id\":\"https:\\\/\\\/www.formagroup.fr\\\/account\\\/#breadcrumb\",\"itemListElement\":[{\"@type\":\"ListItem\",\"position\":1,\"name\":\"Accueil\",\"item\":\"https:\\\/\\\/www.formagroup.fr\\\/\"},{\"@type\":\"ListItem\",\"position\":2,\"name\":\"Account\"}]},{\"@type\":\"WebSite\",\"@id\":\"https:\\\/\\\/www.formagroup.fr\\\/#website\",\"url\":\"https:\\\/\\\/www.formagroup.fr\\\/\",\"name\":\"La r\u00e9f\u00e9rence des formations pour le b\u00e2timent et la restauration \u00e0 Coigni\u00e8res (78)\",\"description\":\"le sp\u00e9cialiste des formations en b\u00e2timent et restauration\",\"publisher\":{\"@id\":\"https:\\\/\\\/www.formagroup.fr\\\/#organization\"},\"potentialAction\":[{\"@type\":\"SearchAction\",\"target\":{\"@type\":\"EntryPoint\",\"urlTemplate\":\"https:\\\/\\\/www.formagroup.fr\\\/?s={search_term_string}\"},\"query-input\":{\"@type\":\"PropertyValueSpecification\",\"valueRequired\":true,\"valueName\":\"search_term_string\"}}],\"inLanguage\":\"en-GB\"},{\"@type\":\"Organization\",\"@id\":\"https:\\\/\\\/www.formagroup.fr\\\/#organization\",\"name\":\"Forma'Group\",\"url\":\"https:\\\/\\\/www.formagroup.fr\\\/\",\"logo\":{\"@type\":\"ImageObject\",\"inLanguage\":\"en-GB\",\"@id\":\"https:\\\/\\\/www.formagroup.fr\\\/#\\\/schema\\\/logo\\\/image\\\/\",\"url\":\"https:\\\/\\\/www.formagroup.fr\\\/wp-content\\\/uploads\\\/2020\\\/03\\\/Logo-FORMAGROUP-transparent.png\",\"contentUrl\":\"https:\\\/\\\/www.formagroup.fr\\\/wp-content\\\/uploads\\\/2020\\\/03\\\/Logo-FORMAGROUP-transparent.png\",\"width\":1300,\"height\":400,\"caption\":\"Forma'Group\"},\"image\":{\"@id\":\"https:\\\/\\\/www.formagroup.fr\\\/#\\\/schema\\\/logo\\\/image\\\/\"},\"sameAs\":[\"https:\\\/\\\/www.instagram.com\\\/formagroup78\\\/\"]}]}<\/script>\n<!-- \/ Yoast SEO plugin. -->","yoast_head_json":{"title":"Account - Forma&#039;Group","robots":{"index":"index","follow":"follow","max-snippet":"max-snippet:-1","max-image-preview":"max-image-preview:large","max-video-preview":"max-video-preview:-1"},"canonical":"https:\/\/www.formagroup.fr\/en\/account\/","og_locale":"en_GB","og_type":"article","og_title":"Account - Forma&#039;Group","og_description":"[miniorange_social_login shape=\u00a0\u00bblongbuttonwithtext\u00a0\u00bb theme=\u00a0\u00bbdefault\u00a0\u00bb space=\u00a0\u00bb4&Prime; width=\u00a0\u00bb240&Prime; height=\u00a0\u00bb40&Prime;] You have logged in. Sign Out","og_url":"https:\/\/www.formagroup.fr\/en\/account\/","og_site_name":"Forma&#039;Group","twitter_card":"summary_large_image","schema":{"@context":"https:\/\/schema.org","@graph":[{"@type":"WebPage","@id":"https:\/\/www.formagroup.fr\/account\/","url":"https:\/\/www.formagroup.fr\/account\/","name":"Account - Forma&#039;Group","isPartOf":{"@id":"https:\/\/www.formagroup.fr\/#website"},"datePublished":"2015-11-20T10:22:44+00:00","breadcrumb":{"@id":"https:\/\/www.formagroup.fr\/account\/#breadcrumb"},"inLanguage":"en-GB","potentialAction":[{"@type":"ReadAction","target":["https:\/\/www.formagroup.fr\/account\/"]}]},{"@type":"BreadcrumbList","@id":"https:\/\/www.formagroup.fr\/account\/#breadcrumb","itemListElement":[{"@type":"ListItem","position":1,"name":"Accueil","item":"https:\/\/www.formagroup.fr\/"},{"@type":"ListItem","position":2,"name":"Account"}]},{"@type":"WebSite","@id":"https:\/\/www.formagroup.fr\/#website","url":"https:\/\/www.formagroup.fr\/","name":"La r\u00e9f\u00e9rence des formations pour le b\u00e2timent et la restauration \u00e0 Coigni\u00e8res (78)","description":"le sp\u00e9cialiste des formations en b\u00e2timent et restauration","publisher":{"@id":"https:\/\/www.formagroup.fr\/#organization"},"potentialAction":[{"@type":"SearchAction","target":{"@type":"EntryPoint","urlTemplate":"https:\/\/www.formagroup.fr\/?s={search_term_string}"},"query-input":{"@type":"PropertyValueSpecification","valueRequired":true,"valueName":"search_term_string"}}],"inLanguage":"en-GB"},{"@type":"Organization","@id":"https:\/\/www.formagroup.fr\/#organization","name":"Forma'Group","url":"https:\/\/www.formagroup.fr\/","logo":{"@type":"ImageObject","inLanguage":"en-GB","@id":"https:\/\/www.formagroup.fr\/#\/schema\/logo\/image\/","url":"https:\/\/www.formagroup.fr\/wp-content\/uploads\/2020\/03\/Logo-FORMAGROUP-transparent.png","contentUrl":"https:\/\/www.formagroup.fr\/wp-content\/uploads\/2020\/03\/Logo-FORMAGROUP-transparent.png","width":1300,"height":400,"caption":"Forma'Group"},"image":{"@id":"https:\/\/www.formagroup.fr\/#\/schema\/logo\/image\/"},"sameAs":["https:\/\/www.instagram.com\/formagroup78\/"]}]}},"_links":{"self":[{"href":"https:\/\/www.formagroup.fr\/en\/wp-json\/wp\/v2\/pages\/2958","targetHints":{"allow":["GET"]}}],"collection":[{"href":"https:\/\/www.formagroup.fr\/en\/wp-json\/wp\/v2\/pages"}],"about":[{"href":"https:\/\/www.formagroup.fr\/en\/wp-json\/wp\/v2\/types\/page"}],"author":[{"embeddable":true,"href":"https:\/\/www.formagroup.fr\/en\/wp-json\/wp\/v2\/users\/1"}],"replies":[{"embeddable":true,"href":"https:\/\/www.formagroup.fr\/en\/wp-json\/wp\/v2\/comments?post=2958"}],"version-history":[{"count":0,"href":"https:\/\/www.formagroup.fr\/en\/wp-json\/wp\/v2\/pages\/2958\/revisions"}],"wp:attachment":[{"href":"https:\/\/www.formagroup.fr\/en\/wp-json\/wp\/v2\/media?parent=2958"}],"curies":[{"name":"wp","href":"https:\/\/api.w.org\/{rel}","templated":true}]}}