{"id":13,"date":"2025-07-03T12:08:37","date_gmt":"2025-07-03T12:08:37","guid":{"rendered":"https:\/\/www.formagroup.fr\/v2\/term_conditions\/"},"modified":"2026-04-09T09:46:20","modified_gmt":"2026-04-09T07:46:20","slug":"mentions-legales","status":"publish","type":"page","link":"https:\/\/www.formagroup.fr\/en\/mentions-legales\/","title":{"rendered":"Mentions l\u00e9gales"},"content":{"rendered":"<h2 class=\"wp-block-heading\">\u00c9DITEUR DU SITE ET CR\u00c9ATEUR<\/h2>\n\n\n\n<p>Le pr\u00e9sent site est la propri\u00e9t\u00e9 de MONSIEUR STEPHANE ROLLAND \/ FORMAGROUP, 42 RN 10, 78310 Coigni\u00e8res<\/p>\n\n\n\n<p>Num\u00e9ro SIRET: 83367881600020<\/p>\n\n\n\n<p>Num\u00e9ro de d\u00e9claration d\u2019activit\u00e9: 11788383578. Cet enregistrement ne vaut pas l\u2019agr\u00e9ment de l\u2019Etat.<\/p>\n\n\n\n<p><strong>Certifi\u00e9 Qualiopi chez ICPF (<a href=\"https:\/\/www.formagroup.fr\/wp-content\/uploads\/2026\/04\/certificat-QUALIOPI-2025.pdf\" target=\"_blank\" rel=\"noreferrer noopener nofollow\">voir le certificat<\/a>)<\/strong><\/p>\n\n\n\n<p>Conception du site : <a href=\"https:\/\/www.unnerfdedesign.fr\" target=\"_blank\" rel=\"noreferrer noopener\">Un Nerf de Design.fr<\/a><\/p>\n\n\n\n<h2 class=\"wp-block-heading\">H\u00c9BERGEMENT<\/h2>\n\n\n\n<p><a href=\"https:\/\/www.o2switch.fr\/\" target=\"_blank\" rel=\"noreferrer noopener\">O2SWITCH<\/a><br>chemin des Pardiaux<br>63000 Clermont-Ferrand<\/p>\n\n\n\n<h2 class=\"wp-block-heading\">PROPRI\u00c9T\u00c9 INTELLECTUELLE<\/h2>\n\n\n\n<p>Le site internet exploit\u00e9 \u00e0 l\u2019adresse www.formagroup.fr est la propri\u00e9t\u00e9 de la soci\u00e9t\u00e9 FORMAGROUP.<\/p>\n\n\n\n<p>Ce site est en outre une \u0153uvre prot\u00e9g\u00e9e par le droit de la propri\u00e9t\u00e9 intellectuelle. Il comporte des textes, images, photographies, illustrations, logos, eux-m\u00eames prot\u00e9g\u00e9s par des droits de propri\u00e9t\u00e9s industrielle et intellectuelle.<\/p>\n\n\n\n<p>L\u2019usage par l\u2019internaute de ce site est strictement r\u00e9serv\u00e9 \u00e0 un usage priv\u00e9, le droit d\u2019utilisation par l\u2019internaute \u00e9tant limit\u00e9 \u00e0 la consultation des informations figurant sur le site.<\/p>\n\n\n\n<p>Toute utilisation, reproduction, t\u00e9l\u00e9chargement total ou partiel ou de l\u2019un de ses \u00e9l\u00e9ments textes, images, photographies illustrations, logos sans l\u2019accord de son propri\u00e9taire ou du titulaire des droits est en cons\u00e9quence interdite, \u00e0 l\u2019exception de la copie priv\u00e9e r\u00e9alis\u00e9e \u00e0 des fins personnelles et non commerciales.<\/p>\n\n\n\n<p>Toute infraction au pr\u00e9sent article est susceptible d\u2019\u00eatre p\u00e9nalement et civilement sanctionn\u00e9e, notamment au titre de la contrefa\u00e7on et entra\u00eenera le cas \u00e9ch\u00e9ant le versement de dommages et int\u00e9r\u00eats.<\/p>","protected":false},"excerpt":{"rendered":"<p>\u00c9DITEUR DU SITE ET CR\u00c9ATEUR Le pr\u00e9sent site est la propri\u00e9t\u00e9 de MONSIEUR STEPHANE ROLLAND \/ FORMAGROUP, 42 RN 10, 78310 Coigni\u00e8res Num\u00e9ro SIRET: 83367881600020 Num\u00e9ro de d\u00e9claration d\u2019activit\u00e9: 11788383578. Cet enregistrement ne vaut pas l\u2019agr\u00e9ment de l\u2019Etat. Certifi\u00e9 Qualiopi &hellip; <\/p>","protected":false},"author":1,"featured_media":0,"parent":0,"menu_order":0,"comment_status":"closed","ping_status":"closed","template":"","meta":{"footnotes":""},"class_list":["post-13","page","type-page","status-publish","hentry"],"yoast_head":"<!-- This site is optimized with the Yoast SEO plugin v27.3 - https:\/\/yoast.com\/product\/yoast-seo-wordpress\/ -->\n<title>Mentions l\u00e9gales - Forma&#039;Group<\/title>\n<meta name=\"robots\" content=\"index, follow, max-snippet:-1, max-image-preview:large, max-video-preview:-1\" \/>\n<link rel=\"canonical\" href=\"https:\/\/www.formagroup.fr\/en\/mentions-legales\/\" \/>\n<meta property=\"og:locale\" content=\"en_GB\" \/>\n<meta property=\"og:type\" content=\"article\" \/>\n<meta property=\"og:title\" content=\"Mentions l\u00e9gales - Forma&#039;Group\" \/>\n<meta property=\"og:description\" content=\"\u00c9DITEUR DU SITE ET CR\u00c9ATEUR Le pr\u00e9sent site est la propri\u00e9t\u00e9 de MONSIEUR STEPHANE ROLLAND \/ FORMAGROUP, 42 RN 10, 78310 Coigni\u00e8res Num\u00e9ro SIRET: 83367881600020 Num\u00e9ro de d\u00e9claration d\u2019activit\u00e9: 11788383578. Cet enregistrement ne vaut pas l\u2019agr\u00e9ment de l\u2019Etat. Certifi\u00e9 Qualiopi &hellip;\" \/>\n<meta property=\"og:url\" content=\"https:\/\/www.formagroup.fr\/en\/mentions-legales\/\" \/>\n<meta property=\"og:site_name\" content=\"Forma&#039;Group\" \/>\n<meta property=\"article:modified_time\" content=\"2026-04-09T07:46:20+00:00\" \/>\n<meta name=\"twitter:card\" content=\"summary_large_image\" \/>\n<meta name=\"twitter:label1\" content=\"Estimated reading time\" \/>\n\t<meta name=\"twitter:data1\" content=\"1 minute\" \/>\n<script type=\"application\/ld+json\" class=\"yoast-schema-graph\">{\"@context\":\"https:\\\/\\\/schema.org\",\"@graph\":[{\"@type\":\"WebPage\",\"@id\":\"https:\\\/\\\/www.formagroup.fr\\\/mentions-legales\\\/\",\"url\":\"https:\\\/\\\/www.formagroup.fr\\\/mentions-legales\\\/\",\"name\":\"Mentions l\u00e9gales - Forma&#039;Group\",\"isPartOf\":{\"@id\":\"https:\\\/\\\/www.formagroup.fr\\\/#website\"},\"datePublished\":\"2025-07-03T12:08:37+00:00\",\"dateModified\":\"2026-04-09T07:46:20+00:00\",\"breadcrumb\":{\"@id\":\"https:\\\/\\\/www.formagroup.fr\\\/mentions-legales\\\/#breadcrumb\"},\"inLanguage\":\"en-GB\",\"potentialAction\":[{\"@type\":\"ReadAction\",\"target\":[\"https:\\\/\\\/www.formagroup.fr\\\/mentions-legales\\\/\"]}]},{\"@type\":\"BreadcrumbList\",\"@id\":\"https:\\\/\\\/www.formagroup.fr\\\/mentions-legales\\\/#breadcrumb\",\"itemListElement\":[{\"@type\":\"ListItem\",\"position\":1,\"name\":\"Accueil\",\"item\":\"https:\\\/\\\/www.formagroup.fr\\\/\"},{\"@type\":\"ListItem\",\"position\":2,\"name\":\"Mentions l\u00e9gales\"}]},{\"@type\":\"WebSite\",\"@id\":\"https:\\\/\\\/www.formagroup.fr\\\/#website\",\"url\":\"https:\\\/\\\/www.formagroup.fr\\\/\",\"name\":\"La r\u00e9f\u00e9rence des formations pour le b\u00e2timent et la restauration \u00e0 Coigni\u00e8res (78)\",\"description\":\"le sp\u00e9cialiste des formations en b\u00e2timent et restauration\",\"publisher\":{\"@id\":\"https:\\\/\\\/www.formagroup.fr\\\/#organization\"},\"potentialAction\":[{\"@type\":\"SearchAction\",\"target\":{\"@type\":\"EntryPoint\",\"urlTemplate\":\"https:\\\/\\\/www.formagroup.fr\\\/?s={search_term_string}\"},\"query-input\":{\"@type\":\"PropertyValueSpecification\",\"valueRequired\":true,\"valueName\":\"search_term_string\"}}],\"inLanguage\":\"en-GB\"},{\"@type\":\"Organization\",\"@id\":\"https:\\\/\\\/www.formagroup.fr\\\/#organization\",\"name\":\"Forma'Group\",\"url\":\"https:\\\/\\\/www.formagroup.fr\\\/\",\"logo\":{\"@type\":\"ImageObject\",\"inLanguage\":\"en-GB\",\"@id\":\"https:\\\/\\\/www.formagroup.fr\\\/#\\\/schema\\\/logo\\\/image\\\/\",\"url\":\"https:\\\/\\\/www.formagroup.fr\\\/wp-content\\\/uploads\\\/2020\\\/03\\\/Logo-FORMAGROUP-transparent.png\",\"contentUrl\":\"https:\\\/\\\/www.formagroup.fr\\\/wp-content\\\/uploads\\\/2020\\\/03\\\/Logo-FORMAGROUP-transparent.png\",\"width\":1300,\"height\":400,\"caption\":\"Forma'Group\"},\"image\":{\"@id\":\"https:\\\/\\\/www.formagroup.fr\\\/#\\\/schema\\\/logo\\\/image\\\/\"},\"sameAs\":[\"https:\\\/\\\/www.instagram.com\\\/formagroup78\\\/\"]}]}<\/script>\n<!-- \/ Yoast SEO plugin. -->","yoast_head_json":{"title":"Mentions l\u00e9gales - Forma&#039;Group","robots":{"index":"index","follow":"follow","max-snippet":"max-snippet:-1","max-image-preview":"max-image-preview:large","max-video-preview":"max-video-preview:-1"},"canonical":"https:\/\/www.formagroup.fr\/en\/mentions-legales\/","og_locale":"en_GB","og_type":"article","og_title":"Mentions l\u00e9gales - Forma&#039;Group","og_description":"\u00c9DITEUR DU SITE ET CR\u00c9ATEUR Le pr\u00e9sent site est la propri\u00e9t\u00e9 de MONSIEUR STEPHANE ROLLAND \/ FORMAGROUP, 42 RN 10, 78310 Coigni\u00e8res Num\u00e9ro SIRET: 83367881600020 Num\u00e9ro de d\u00e9claration d\u2019activit\u00e9: 11788383578. Cet enregistrement ne vaut pas l\u2019agr\u00e9ment de l\u2019Etat. Certifi\u00e9 Qualiopi &hellip;","og_url":"https:\/\/www.formagroup.fr\/en\/mentions-legales\/","og_site_name":"Forma&#039;Group","article_modified_time":"2026-04-09T07:46:20+00:00","twitter_card":"summary_large_image","twitter_misc":{"Estimated reading time":"1 minute"},"schema":{"@context":"https:\/\/schema.org","@graph":[{"@type":"WebPage","@id":"https:\/\/www.formagroup.fr\/mentions-legales\/","url":"https:\/\/www.formagroup.fr\/mentions-legales\/","name":"Mentions l\u00e9gales - Forma&#039;Group","isPartOf":{"@id":"https:\/\/www.formagroup.fr\/#website"},"datePublished":"2025-07-03T12:08:37+00:00","dateModified":"2026-04-09T07:46:20+00:00","breadcrumb":{"@id":"https:\/\/www.formagroup.fr\/mentions-legales\/#breadcrumb"},"inLanguage":"en-GB","potentialAction":[{"@type":"ReadAction","target":["https:\/\/www.formagroup.fr\/mentions-legales\/"]}]},{"@type":"BreadcrumbList","@id":"https:\/\/www.formagroup.fr\/mentions-legales\/#breadcrumb","itemListElement":[{"@type":"ListItem","position":1,"name":"Accueil","item":"https:\/\/www.formagroup.fr\/"},{"@type":"ListItem","position":2,"name":"Mentions l\u00e9gales"}]},{"@type":"WebSite","@id":"https:\/\/www.formagroup.fr\/#website","url":"https:\/\/www.formagroup.fr\/","name":"La r\u00e9f\u00e9rence des formations pour le b\u00e2timent et la restauration \u00e0 Coigni\u00e8res (78)","description":"le sp\u00e9cialiste des formations en b\u00e2timent et restauration","publisher":{"@id":"https:\/\/www.formagroup.fr\/#organization"},"potentialAction":[{"@type":"SearchAction","target":{"@type":"EntryPoint","urlTemplate":"https:\/\/www.formagroup.fr\/?s={search_term_string}"},"query-input":{"@type":"PropertyValueSpecification","valueRequired":true,"valueName":"search_term_string"}}],"inLanguage":"en-GB"},{"@type":"Organization","@id":"https:\/\/www.formagroup.fr\/#organization","name":"Forma'Group","url":"https:\/\/www.formagroup.fr\/","logo":{"@type":"ImageObject","inLanguage":"en-GB","@id":"https:\/\/www.formagroup.fr\/#\/schema\/logo\/image\/","url":"https:\/\/www.formagroup.fr\/wp-content\/uploads\/2020\/03\/Logo-FORMAGROUP-transparent.png","contentUrl":"https:\/\/www.formagroup.fr\/wp-content\/uploads\/2020\/03\/Logo-FORMAGROUP-transparent.png","width":1300,"height":400,"caption":"Forma'Group"},"image":{"@id":"https:\/\/www.formagroup.fr\/#\/schema\/logo\/image\/"},"sameAs":["https:\/\/www.instagram.com\/formagroup78\/"]}]}},"_links":{"self":[{"href":"https:\/\/www.formagroup.fr\/en\/wp-json\/wp\/v2\/pages\/13","targetHints":{"allow":["GET"]}}],"collection":[{"href":"https:\/\/www.formagroup.fr\/en\/wp-json\/wp\/v2\/pages"}],"about":[{"href":"https:\/\/www.formagroup.fr\/en\/wp-json\/wp\/v2\/types\/page"}],"author":[{"embeddable":true,"href":"https:\/\/www.formagroup.fr\/en\/wp-json\/wp\/v2\/users\/1"}],"replies":[{"embeddable":true,"href":"https:\/\/www.formagroup.fr\/en\/wp-json\/wp\/v2\/comments?post=13"}],"version-history":[{"count":3,"href":"https:\/\/www.formagroup.fr\/en\/wp-json\/wp\/v2\/pages\/13\/revisions"}],"predecessor-version":[{"id":31424,"href":"https:\/\/www.formagroup.fr\/en\/wp-json\/wp\/v2\/pages\/13\/revisions\/31424"}],"wp:attachment":[{"href":"https:\/\/www.formagroup.fr\/en\/wp-json\/wp\/v2\/media?parent=13"}],"curies":[{"name":"wp","href":"https:\/\/api.w.org\/{rel}","templated":true}]}}